{"id":23087,"date":"2025-11-28T17:41:48","date_gmt":"2025-11-28T20:41:48","guid":{"rendered":"https:\/\/abix.com.br\/?post_type=product&#038;p=23087"},"modified":"2025-12-11T17:43:29","modified_gmt":"2025-12-11T20:43:29","slug":"radar-de-seguridad-axis-d2110-ve","status":"publish","type":"product","link":"https:\/\/abix.com.br\/es\/produto\/radar-de-seguridad-axis-d2110-ve\/","title":{"rendered":"Radar de Seguridad AXIS D2110-VE"},"content":{"rendered":"\n\t<section class=\"section\" id=\"section_1843058016\">\n\t\t<div class=\"section-bg fill\" >\n\t\t\t\t\t\t\t\t\t\n\t\t\t\n\n\t\t<\/div>\n\n\t\t\n\n\t\t<div class=\"section-content relative\">\n\t\t\t\n<div class=\"row\"  id=\"row-1985681144\">\n\n\t<div id=\"col-1529844617\" class=\"col small-12 large-12\"  >\n\t\t\t\t<div class=\"col-inner\"  >\n\t\t\t\n\t\t\t\n<div class=\"row\"  id=\"row-1718110727\">\n\n\t<div id=\"col-1734263632\" class=\"col small-12 large-12\"  >\n\t\t\t\t<div class=\"col-inner\"  >\n\t\t\t\n\t\t\t\n\n\t\t<div class=\"tabbed-content locacao-tabs\">\n\t\t\t\n\t\t\t<ul class=\"nav nav-tabs nav-normal nav-size-xlarge nav-left active-on-hover\" role=\"tablist\"><li id=\"tab-informaci\u00d3n\" class=\"tab active has-icon\" role=\"presentation\"><a href=\"#tab_informaci\u00d3n\" role=\"tab\" aria-selected=\"true\" aria-controls=\"tab_informaci\u00d3n\"><span>INFORMACI\u00d3N<\/span><\/a><\/li>\n<li id=\"tab-accesorios\" class=\"tab has-icon\" role=\"presentation\"><a href=\"#tab_accesorios\" tabindex=\"-1\" role=\"tab\" aria-selected=\"false\" aria-controls=\"tab_accesorios\"><span>ACCESORIOS<\/span><\/a><\/li>\n<li id=\"tab-descargas\" class=\"tab has-icon\" role=\"presentation\"><a href=\"#tab_descargas\" tabindex=\"-1\" role=\"tab\" aria-selected=\"false\" aria-controls=\"tab_descargas\"><span>DESCARGAS<\/span><\/a><\/li>\n<li id=\"tab-especificaciones\" class=\"tab has-icon\" role=\"presentation\"><a href=\"#tab_especificaciones\" tabindex=\"-1\" role=\"tab\" aria-selected=\"false\" aria-controls=\"tab_especificaciones\"><span>ESPECIFICACIONES<\/span><\/a><\/li><\/ul><div class=\"tab-panels\"><div id=\"tab_informaci\u00d3n\" class=\"panel active entry-content\" role=\"tabpanel\" aria-labelledby=\"tab-informaci\u00d3n\">\n<div class=\"row\"  id=\"row-1662918355\">\n\n\t<div id=\"col-414104196\" class=\"col medium-6 small-12 large-6\"  >\n\t\t\t\t<div class=\"col-inner\"  >\n\t\t\t\n\t\t\t\n<h3>Caracter\u00edsticas principales<\/h3>\n<p>Tecnolog\u00eda de radar FMCW de 24 GHz con antena en fase: precisi\u00f3n de nivel militar<br \/>\nClasificaci\u00f3n de objetos nativa: persona\/veh\u00edculo\/desconocido: elimina el 99,9 % de las falsas alarmas<br \/>\nAlcance real: \u2192 Personas: hasta 60 m \u2192 Veh\u00edculos: hasta 85 m \u2192 \u00c1rea de cobertura: hasta 11\u00a0300 m\u00b2 (veh\u00edculos)<br \/>\nPrecisi\u00f3n excepcional: velocidad \u00b12 km\/h | distancia \u00b10,7 m | \u00c1ngulo \u00b11\u00b0<br \/>\nActualizaci\u00f3n 10 veces por segundo: rastrea objetivos a alta velocidad<br \/>\nCoexistencia inteligente: m\u00faltiples radares en paralelo sin interferencias<br \/>\nSalida PoE+ (802.3at) para alimentar directamente un domo de velocidad PTZ (p. ej., Q6318-LE)<br \/>\nProcesador ARTPEC-7 + MLPU: inteligencia integrada con aprendizaje autom\u00e1tico<br \/>\nIntegraci\u00f3n total con AXIS Camera Station, Milestone, Genetec, Digifort, etc.<br \/>\nMapa de calor y seguimiento de movimiento directamente en el VMS<\/p>\n<p>Aplicaciones: Monitoreo de per\u00edmetros, \u00e1reas abiertas, v\u00edas de acceso;<br \/>\nIntegraci\u00f3n con domos de velocidad AXIS para seguimiento de eventos en tiempo real.<\/p>\n\t\t<\/div>\n\t\t\t\t\t<\/div>\n\n\t\n\n\t<div id=\"col-1094375925\" class=\"col medium-6 small-12 large-6\"  >\n\t\t\t\t<div class=\"col-inner text-left\"  >\n\t\t\t\n\t\t\t\n\t\t<\/div>\n\t\t\t\t\t<\/div>\n\n\t\n<\/div>\n<\/div>\n<div id=\"tab_accesorios\" class=\"panel entry-content\" role=\"tabpanel\" aria-labelledby=\"tab-accesorios\">\n<div>Soportes para pared, esquina y poste.<\/div>\n<div><\/div>\n<div>Tarjetas microSD de alta resoluci\u00f3n.<\/div>\n<div class=\"row align-middle\"  id=\"row-450658196\">\n\n\t<div id=\"col-1539698856\" class=\"col medium-10 small-12 large-10\"  >\n\t\t\t\t<div class=\"col-inner\"  >\n\t\t\t\n\t\t\t\n\t\t<\/div>\n\t\t\t\t\t<\/div>\n\n\t\n\n\t<div id=\"col-1435857157\" class=\"col medium-2 small-12 large-2\"  >\n\t\t\t\t<div class=\"col-inner\"  >\n\t\t\t\n\t\t\t\n\t\t<\/div>\n\t\t\t\t\t<\/div>\n\n\t\n<\/div>\n<\/div>\n<div id=\"tab_descargas\" class=\"panel entry-content\" role=\"tabpanel\" aria-labelledby=\"tab-descargas\">\n<div class=\"row\"  id=\"row-1940097700\">\n\n\t<div id=\"col-1207640533\" class=\"col medium-10 small-12 large-10\"  >\n\t\t\t\t<div class=\"col-inner\"  >\n\t\t\t\n\t\t\t\n\t\t<\/div>\n\t\t\t\t\t<\/div>\n\n\t\n<\/div>\n<\/div>\n<div id=\"tab_especificaciones\" class=\"panel entry-content\" role=\"tabpanel\" aria-labelledby=\"tab-especificaciones\">\n<div class=\"row\"  id=\"row-1865753142\">\n\n\t<div id=\"col-1341122069\" class=\"col medium-9 small-12 large-9\"  >\n\t\t\t\t<div class=\"col-inner\"  >\n\t\t\t\n\t\t\t\n<h3>ESPECIFICACIONES T\u00c9CNICAS<\/h3>\n<p>Frecuencia: 24,05 \u2013 24,25 GHz<br \/>\nPrecisi\u00f3n: velocidad \u00b12 km\/h, distancia 0,7 m, \u00e1ngulo 1\u00b0<br \/>\nFrecuencia de actualizaci\u00f3n: 10 Hz<br \/>\nCobertura: hasta 11.300 m\u00b2 para veh\u00edculos<\/p>\n\t\t<\/div>\n\t\t\t\t\t<\/div>\n\n\t\n<\/div>\n<\/div><\/div><\/div>\n\t\t<\/div>\n\t\t\t\t\t<\/div>\n\n\t\n<\/div>\n\t\t<\/div>\n\t\t\t\t\t<\/div>\n\n\t\n<\/div>\n\t\t<\/div>\n\n\t\t\n<style>\n#section_1843058016 {\n  padding-top: 0px;\n  padding-bottom: 0px;\n}\n<\/style>\n\t<\/section>\n\t\n","protected":false},"excerpt":{"rendered":"<h3>Precisi\u00f3n Absoluta<\/h3>\n<div>El AXIS D2110-VE es el radar de seguridad inteligente dise\u00f1ado para quienes exigen una monitorizaci\u00f3n perimetral fiable en cualquier condici\u00f3n. Con tecnolog\u00eda de detecci\u00f3n de ondas FMCW y clasificaci\u00f3n avanzada de objetivos, reemplaza a docenas de sensores infrarrojos, barreras e incluso c\u00e1maras t\u00e9rmicas, ofreciendo un nivel de precisi\u00f3n que redefine el est\u00e1ndar de seguridad en Brasil.<\/div>\n<div><\/div>\n<div>Con una cobertura real de 180\u00b0, identifica personas a una distancia de hasta 60 metros y veh\u00edculos a una distancia de hasta 85 metros, operando las 24 horas del d\u00eda, incluso con lluvia intensa, niebla, polvo, vientos fuertes o en total oscuridad.<\/div>\n","protected":false},"featured_media":23088,"comment_status":"closed","ping_status":"closed","template":"","meta":[],"product_brand":[],"product_cat":[178,235],"product_tag":[],"class_list":{"0":"post-23087","1":"product","2":"type-product","3":"status-publish","4":"has-post-thumbnail","6":"product_cat-cctv","7":"product_cat-radar-de-deteccao","9":"first","10":"instock","11":"shipping-taxable","12":"product-type-simple"},"yoast_head":"<!-- This site is optimized with the Yoast SEO plugin v27.3 - https:\/\/yoast.com\/product\/yoast-seo-wordpress\/ -->\n<title>Radar de Seguridad AXIS D2110-VE - Abix<\/title>\n<meta name=\"robots\" content=\"index, follow, max-snippet:-1, max-image-preview:large, max-video-preview:-1\" \/>\n<link rel=\"canonical\" href=\"https:\/\/abix.com.br\/es\/produto\/radar-de-seguridad-axis-d2110-ve\/\" \/>\n<meta property=\"og:locale\" content=\"es_ES\" \/>\n<meta property=\"og:type\" content=\"article\" \/>\n<meta property=\"og:title\" content=\"Radar de Seguridad AXIS D2110-VE - Abix\" \/>\n<meta property=\"og:description\" content=\"Precisi\u00f3n Absoluta El AXIS D2110-VE es el radar de seguridad inteligente dise\u00f1ado para quienes exigen una monitorizaci\u00f3n perimetral fiable en cualquier condici\u00f3n. Con tecnolog\u00eda de detecci\u00f3n de ondas FMCW y clasificaci\u00f3n avanzada de objetivos, reemplaza a docenas de sensores infrarrojos, barreras e incluso c\u00e1maras t\u00e9rmicas, ofreciendo un nivel de precisi\u00f3n que redefine el est\u00e1ndar de seguridad en Brasil.  Con una cobertura real de 180\u00b0, identifica personas a una distancia de hasta 60 metros y veh\u00edculos a una distancia de hasta 85 metros, operando las 24 horas del d\u00eda, incluso con lluvia intensa, niebla, polvo, vientos fuertes o en total oscuridad.\" \/>\n<meta property=\"og:url\" content=\"https:\/\/abix.com.br\/es\/produto\/radar-de-seguridad-axis-d2110-ve\/\" \/>\n<meta property=\"og:site_name\" content=\"Abix\" \/>\n<meta property=\"article:modified_time\" content=\"2025-12-11T20:43:29+00:00\" \/>\n<meta name=\"twitter:card\" content=\"summary_large_image\" \/>\n<meta name=\"twitter:label1\" content=\"Tiempo de lectura\" \/>\n\t<meta name=\"twitter:data1\" content=\"2 minutos\" \/>\n<script type=\"application\/ld+json\" class=\"yoast-schema-graph\">{\"@context\":\"https:\\\/\\\/schema.org\",\"@graph\":[{\"@type\":\"WebPage\",\"@id\":\"https:\\\/\\\/abix.com.br\\\/es\\\/produto\\\/radar-de-seguridad-axis-d2110-ve\\\/\",\"url\":\"https:\\\/\\\/abix.com.br\\\/es\\\/produto\\\/radar-de-seguridad-axis-d2110-ve\\\/\",\"name\":\"Radar de Seguridad AXIS D2110-VE - Abix\",\"isPartOf\":{\"@id\":\"https:\\\/\\\/abix.com.br\\\/#website\"},\"primaryImageOfPage\":{\"@id\":\"https:\\\/\\\/abix.com.br\\\/es\\\/produto\\\/radar-de-seguridad-axis-d2110-ve\\\/#primaryimage\"},\"image\":{\"@id\":\"https:\\\/\\\/abix.com.br\\\/es\\\/produto\\\/radar-de-seguridad-axis-d2110-ve\\\/#primaryimage\"},\"thumbnailUrl\":\"https:\\\/\\\/abix.com.br\\\/wp-content\\\/uploads\\\/2025\\\/11\\\/Radar-de-seguranca.webp\",\"datePublished\":\"2025-11-28T20:41:48+00:00\",\"dateModified\":\"2025-12-11T20:43:29+00:00\",\"breadcrumb\":{\"@id\":\"https:\\\/\\\/abix.com.br\\\/es\\\/produto\\\/radar-de-seguridad-axis-d2110-ve\\\/#breadcrumb\"},\"inLanguage\":\"es\",\"potentialAction\":[{\"@type\":\"ReadAction\",\"target\":[\"https:\\\/\\\/abix.com.br\\\/es\\\/produto\\\/radar-de-seguridad-axis-d2110-ve\\\/\"]}]},{\"@type\":\"ImageObject\",\"inLanguage\":\"es\",\"@id\":\"https:\\\/\\\/abix.com.br\\\/es\\\/produto\\\/radar-de-seguridad-axis-d2110-ve\\\/#primaryimage\",\"url\":\"https:\\\/\\\/abix.com.br\\\/wp-content\\\/uploads\\\/2025\\\/11\\\/Radar-de-seguranca.webp\",\"contentUrl\":\"https:\\\/\\\/abix.com.br\\\/wp-content\\\/uploads\\\/2025\\\/11\\\/Radar-de-seguranca.webp\",\"width\":1000,\"height\":1000},{\"@type\":\"BreadcrumbList\",\"@id\":\"https:\\\/\\\/abix.com.br\\\/es\\\/produto\\\/radar-de-seguridad-axis-d2110-ve\\\/#breadcrumb\",\"itemListElement\":[{\"@type\":\"ListItem\",\"position\":1,\"name\":\"In\u00edcio\",\"item\":\"https:\\\/\\\/abix.com.br\\\/es\\\/\"},{\"@type\":\"ListItem\",\"position\":2,\"name\":\"Tienda\",\"item\":\"https:\\\/\\\/abix.com.br\\\/loja\\\/\"},{\"@type\":\"ListItem\",\"position\":3,\"name\":\"Radar de Seguridad AXIS D2110-VE\"}]},{\"@type\":\"WebSite\",\"@id\":\"https:\\\/\\\/abix.com.br\\\/#website\",\"url\":\"https:\\\/\\\/abix.com.br\\\/\",\"name\":\"Abix\",\"description\":\"\",\"potentialAction\":[{\"@type\":\"SearchAction\",\"target\":{\"@type\":\"EntryPoint\",\"urlTemplate\":\"https:\\\/\\\/abix.com.br\\\/?s={search_term_string}\"},\"query-input\":{\"@type\":\"PropertyValueSpecification\",\"valueRequired\":true,\"valueName\":\"search_term_string\"}}],\"inLanguage\":\"es\"}]}<\/script>\n<!-- \/ Yoast SEO plugin. -->","yoast_head_json":{"title":"Radar de Seguridad AXIS D2110-VE - Abix","robots":{"index":"index","follow":"follow","max-snippet":"max-snippet:-1","max-image-preview":"max-image-preview:large","max-video-preview":"max-video-preview:-1"},"canonical":"https:\/\/abix.com.br\/es\/produto\/radar-de-seguridad-axis-d2110-ve\/","og_locale":"es_ES","og_type":"article","og_title":"Radar de Seguridad AXIS D2110-VE - Abix","og_description":"Precisi\u00f3n Absoluta El AXIS D2110-VE es el radar de seguridad inteligente dise\u00f1ado para quienes exigen una monitorizaci\u00f3n perimetral fiable en cualquier condici\u00f3n. Con tecnolog\u00eda de detecci\u00f3n de ondas FMCW y clasificaci\u00f3n avanzada de objetivos, reemplaza a docenas de sensores infrarrojos, barreras e incluso c\u00e1maras t\u00e9rmicas, ofreciendo un nivel de precisi\u00f3n que redefine el est\u00e1ndar de seguridad en Brasil.  Con una cobertura real de 180\u00b0, identifica personas a una distancia de hasta 60 metros y veh\u00edculos a una distancia de hasta 85 metros, operando las 24 horas del d\u00eda, incluso con lluvia intensa, niebla, polvo, vientos fuertes o en total oscuridad.","og_url":"https:\/\/abix.com.br\/es\/produto\/radar-de-seguridad-axis-d2110-ve\/","og_site_name":"Abix","article_modified_time":"2025-12-11T20:43:29+00:00","twitter_card":"summary_large_image","twitter_misc":{"Tiempo de lectura":"2 minutos"},"schema":{"@context":"https:\/\/schema.org","@graph":[{"@type":"WebPage","@id":"https:\/\/abix.com.br\/es\/produto\/radar-de-seguridad-axis-d2110-ve\/","url":"https:\/\/abix.com.br\/es\/produto\/radar-de-seguridad-axis-d2110-ve\/","name":"Radar de Seguridad AXIS D2110-VE - Abix","isPartOf":{"@id":"https:\/\/abix.com.br\/#website"},"primaryImageOfPage":{"@id":"https:\/\/abix.com.br\/es\/produto\/radar-de-seguridad-axis-d2110-ve\/#primaryimage"},"image":{"@id":"https:\/\/abix.com.br\/es\/produto\/radar-de-seguridad-axis-d2110-ve\/#primaryimage"},"thumbnailUrl":"https:\/\/abix.com.br\/wp-content\/uploads\/2025\/11\/Radar-de-seguranca.webp","datePublished":"2025-11-28T20:41:48+00:00","dateModified":"2025-12-11T20:43:29+00:00","breadcrumb":{"@id":"https:\/\/abix.com.br\/es\/produto\/radar-de-seguridad-axis-d2110-ve\/#breadcrumb"},"inLanguage":"es","potentialAction":[{"@type":"ReadAction","target":["https:\/\/abix.com.br\/es\/produto\/radar-de-seguridad-axis-d2110-ve\/"]}]},{"@type":"ImageObject","inLanguage":"es","@id":"https:\/\/abix.com.br\/es\/produto\/radar-de-seguridad-axis-d2110-ve\/#primaryimage","url":"https:\/\/abix.com.br\/wp-content\/uploads\/2025\/11\/Radar-de-seguranca.webp","contentUrl":"https:\/\/abix.com.br\/wp-content\/uploads\/2025\/11\/Radar-de-seguranca.webp","width":1000,"height":1000},{"@type":"BreadcrumbList","@id":"https:\/\/abix.com.br\/es\/produto\/radar-de-seguridad-axis-d2110-ve\/#breadcrumb","itemListElement":[{"@type":"ListItem","position":1,"name":"In\u00edcio","item":"https:\/\/abix.com.br\/es\/"},{"@type":"ListItem","position":2,"name":"Tienda","item":"https:\/\/abix.com.br\/loja\/"},{"@type":"ListItem","position":3,"name":"Radar de Seguridad AXIS D2110-VE"}]},{"@type":"WebSite","@id":"https:\/\/abix.com.br\/#website","url":"https:\/\/abix.com.br\/","name":"Abix","description":"","potentialAction":[{"@type":"SearchAction","target":{"@type":"EntryPoint","urlTemplate":"https:\/\/abix.com.br\/?s={search_term_string}"},"query-input":{"@type":"PropertyValueSpecification","valueRequired":true,"valueName":"search_term_string"}}],"inLanguage":"es"}]}},"_links":{"self":[{"href":"https:\/\/abix.com.br\/es\/wp-json\/wp\/v2\/product\/23087","targetHints":{"allow":["GET"]}}],"collection":[{"href":"https:\/\/abix.com.br\/es\/wp-json\/wp\/v2\/product"}],"about":[{"href":"https:\/\/abix.com.br\/es\/wp-json\/wp\/v2\/types\/product"}],"replies":[{"embeddable":true,"href":"https:\/\/abix.com.br\/es\/wp-json\/wp\/v2\/comments?post=23087"}],"wp:featuredmedia":[{"embeddable":true,"href":"https:\/\/abix.com.br\/es\/wp-json\/wp\/v2\/media\/23088"}],"wp:attachment":[{"href":"https:\/\/abix.com.br\/es\/wp-json\/wp\/v2\/media?parent=23087"}],"wp:term":[{"taxonomy":"product_brand","embeddable":true,"href":"https:\/\/abix.com.br\/es\/wp-json\/wp\/v2\/product_brand?post=23087"},{"taxonomy":"product_cat","embeddable":true,"href":"https:\/\/abix.com.br\/es\/wp-json\/wp\/v2\/product_cat?post=23087"},{"taxonomy":"product_tag","embeddable":true,"href":"https:\/\/abix.com.br\/es\/wp-json\/wp\/v2\/product_tag?post=23087"}],"curies":[{"name":"wp","href":"https:\/\/api.w.org\/{rel}","templated":true}]}}