{"id":23093,"date":"2025-11-28T17:55:26","date_gmt":"2025-11-28T20:55:26","guid":{"rendered":"https:\/\/abix.com.br\/?post_type=product&#038;p=23093"},"modified":"2025-12-12T13:54:09","modified_gmt":"2025-12-12T16:54:09","slug":"camara-de-caja-xnb-6003","status":"publish","type":"product","link":"https:\/\/abix.com.br\/es\/produto\/camara-de-caja-xnb-6003\/","title":{"rendered":"C\u00e1mara de caja XNB-6003"},"content":{"rendered":"\n\t<section class=\"section\" id=\"section_1410209034\">\n\t\t<div class=\"section-bg fill\" >\n\t\t\t\t\t\t\t\t\t\n\t\t\t\n\n\t\t<\/div>\n\n\t\t\n\n\t\t<div class=\"section-content relative\">\n\t\t\t\n<div class=\"row\"  id=\"row-1035015445\">\n\n\t<div id=\"col-183589436\" class=\"col small-12 large-12\"  >\n\t\t\t\t<div class=\"col-inner\"  >\n\t\t\t\n\t\t\t\n<div class=\"row\"  id=\"row-1475998286\">\n\n\t<div id=\"col-1405047276\" class=\"col small-12 large-12\"  >\n\t\t\t\t<div class=\"col-inner\"  >\n\t\t\t\n\t\t\t\n\n\t\t<div class=\"tabbed-content locacao-tabs\">\n\t\t\t\n\t\t\t<ul class=\"nav nav-tabs nav-normal nav-size-xlarge nav-left active-on-hover\" role=\"tablist\"><li id=\"tab-informaci\u00d3n\" class=\"tab active has-icon\" role=\"presentation\"><a href=\"#tab_informaci\u00d3n\" role=\"tab\" aria-selected=\"true\" aria-controls=\"tab_informaci\u00d3n\"><span>INFORMACI\u00d3N<\/span><\/a><\/li>\n<li id=\"tab-accesorios\" class=\"tab has-icon\" role=\"presentation\"><a href=\"#tab_accesorios\" tabindex=\"-1\" role=\"tab\" aria-selected=\"false\" aria-controls=\"tab_accesorios\"><span>ACCESORIOS<\/span><\/a><\/li>\n<li id=\"tab-descargas\" class=\"tab has-icon\" role=\"presentation\"><a href=\"#tab_descargas\" tabindex=\"-1\" role=\"tab\" aria-selected=\"false\" aria-controls=\"tab_descargas\"><span>DESCARGAS<\/span><\/a><\/li>\n<li id=\"tab-especificaciones\" class=\"tab has-icon\" role=\"presentation\"><a href=\"#tab_especificaciones\" tabindex=\"-1\" role=\"tab\" aria-selected=\"false\" aria-controls=\"tab_especificaciones\"><span>ESPECIFICACIONES<\/span><\/a><\/li><\/ul><div class=\"tab-panels\"><div id=\"tab_informaci\u00d3n\" class=\"panel active entry-content\" role=\"tabpanel\" aria-labelledby=\"tab-informaci\u00d3n\">\n<div class=\"row\"  id=\"row-2065126576\">\n\n\t<div id=\"col-321376917\" class=\"col medium-6 small-12 large-6\"  >\n\t\t\t\t<div class=\"col-inner\"  >\n\t\t\t\n\t\t\t\n<h3 style=\"text-align: justify;\">Caracter\u00edsticas principales<\/h3>\n<p style=\"text-align: justify;\">Resoluci\u00f3n Full HD de 2 MP (1920\u00d71080) de hasta 120 fps: ideal para pasillos con movimiento r\u00e1pido y cajas<br \/>\nWDR extremo de 150 dB reales: imagen perfecta incluso con luz solar intensa que entra por la tienda<br \/>\nIA integrada de 2.\u00aa generaci\u00f3n (aprendizaje profundo): \u2192 Clasificaci\u00f3n: Persona\/Veh\u00edculo\/Matr\u00edcula\/Rostro \u2192 BestShot autom\u00e1tico (fotograf\u00eda de rostro n\u00edtido + atributos) \u2192 Conteo de personas, mapa de calor, gesti\u00f3n de colas<br \/>\nWiseStream III + H.265 \u2192 Reducci\u00f3n de hasta el 95 % en el consumo de ancho de banda y almacenamiento<br \/>\nIluminaci\u00f3n m\u00ednima: 0,007 lux (color) \/ 0,0007 lux (blanco y negro con F1.2)<br \/>\nCompatible con objetivos DC autoiris, P-iris e I-CS (motorizados con autoenfoque)<br \/>\nEntrada\/salida de alarma + audio bidireccional<br \/>\nRanura microSD de hasta 512 GB + grabaci\u00f3n de respaldo en caso de emergencia. Red Fallo<br \/>\nAplicaciones<br \/>\nEntornos internos que requieren an\u00e1lisis avanzado;<br \/>\nIntegraci\u00f3n con sistemas de inteligencia empresarial (conteo de personas, colas, etc.)<\/p>\n\t\t<\/div>\n\t\t\t\t\t<\/div>\n\n\t\n\n\t<div id=\"col-1415037431\" class=\"col medium-6 small-12 large-6\"  >\n\t\t\t\t<div class=\"col-inner text-left\"  >\n\t\t\t\n\t\t\t\n\t\t<\/div>\n\t\t\t\t\t<\/div>\n\n\t\n<\/div>\n<\/div>\n<div id=\"tab_accesorios\" class=\"panel entry-content\" role=\"tabpanel\" aria-labelledby=\"tab-accesorios\">\n<div>Objetivos DC con iris autom\u00e1tico, iris P, manual y compatibles con I-CS.<\/div>\n<div><\/div>\n<div>Montura C\/CS, compatible con objetivos con iris P.<\/div>\n<div class=\"row align-middle\"  id=\"row-1740919082\">\n\n\t<div id=\"col-1672967307\" class=\"col medium-10 small-12 large-10\"  >\n\t\t\t\t<div class=\"col-inner\"  >\n\t\t\t\n\t\t\t\n<p>CONTENIDO<\/p>\n\t\t<\/div>\n\t\t\t\t\t<\/div>\n\n\t\n\n\t<div id=\"col-1447572565\" class=\"col medium-2 small-12 large-2\"  >\n\t\t\t\t<div class=\"col-inner\"  >\n\t\t\t\n\t\t\t\n\t\t<\/div>\n\t\t\t\t\t<\/div>\n\n\t\n<\/div>\n<\/div>\n<div id=\"tab_descargas\" class=\"panel entry-content\" role=\"tabpanel\" aria-labelledby=\"tab-descargas\">\n<div class=\"row\"  id=\"row-1650687610\">\n\n\t<div id=\"col-1269787204\" class=\"col medium-10 small-12 large-10\"  >\n\t\t\t\t<div class=\"col-inner\"  >\n\t\t\t\n\t\t\t\n\t\t<\/div>\n\t\t\t\t\t<\/div>\n\n\t\n<\/div>\n<\/div>\n<div id=\"tab_especificaciones\" class=\"panel entry-content\" role=\"tabpanel\" aria-labelledby=\"tab-especificaciones\">\n<div class=\"row\"  id=\"row-2021985704\">\n\n\t<div id=\"col-1676760330\" class=\"col medium-9 small-12 large-9\"  >\n\t\t\t\t<div class=\"col-inner\"  >\n\t\t\t\n\t\t\t\n<p>ESPECIFICACIONES T\u00c9CNICAS<\/p>\n<p>Sensor: CMOS de 1\/2,8\u201d<br \/>\nIluminaci\u00f3n m\u00ednima: 0,007 lux (color), 0,0007 lux (blanco y negro)<br \/>\nCompresi\u00f3n: H.265, H.264, MJPEG<br \/>\nAn\u00e1lisis: detecci\u00f3n de personas, veh\u00edculos, matr\u00edculas, sonido, etc.<\/p>\n\t\t<\/div>\n\t\t\t\t\t<\/div>\n\n\t\n<\/div>\n<\/div><\/div><\/div>\n\t\t<\/div>\n\t\t\t\t\t<\/div>\n\n\t\n<\/div>\n\t\t<\/div>\n\t\t\t\t\t<\/div>\n\n\t\n<\/div>\n\t\t<\/div>\n\n\t\t\n<style>\n#section_1410209034 {\n  padding-top: 0px;\n  padding-bottom: 0px;\n}\n<\/style>\n\t<\/section>\n\t\n","protected":false},"excerpt":{"rendered":"<h3>La m\u00e1s inteligente de su categor\u00eda<\/h3>\n<div>La XNB-6003 combina, en un solo dispositivo, tecnolog\u00edas que normalmente requerir\u00edan varios dispositivos y una gran inversi\u00f3n. Su completa IA integrada permite el conteo de personas, la gesti\u00f3n de colas y la creaci\u00f3n de mapas de calor de movimiento sin necesidad de servidores externos ni licencias mensuales, lo que simplifica y abarata enormemente su funcionamiento.<\/div>\n<div><\/div>\n<div>Otro punto a destacar es el WDR real de 150 dB, que garantiza la mejor imagen de su categor\u00eda en escenarios de alto contraste. Incluso cuando un cliente est\u00e1 a la sombra y la tienda recibe luz intensa, su rostro permanece perfectamente visible, asegurando una identificaci\u00f3n precisa. Los objetivos motorizados I-CS aportan una practicidad total al proyecto, permitiendo el ajuste remoto del enfoque y el zoom mediante tel\u00e9fono m\u00f3vil, navegador o NVR, eliminando la intervenci\u00f3n f\u00edsica y agilizando la operaci\u00f3n.<\/div>\n<div><\/div>\n<div>La XNB-6003 es perfecta para proyectos que requieren an\u00e1lisis avanzado en tiempo real con el menor coste de servidor: tiendas minoristas, centros comerciales, supermercados, farmacias, bancos, concesionarios e industrias.<\/div>\n","protected":false},"featured_media":23094,"comment_status":"closed","ping_status":"closed","template":"","meta":[],"product_brand":[],"product_cat":[238,178],"product_tag":[],"class_list":{"0":"post-23093","1":"product","2":"type-product","3":"status-publish","4":"has-post-thumbnail","6":"product_cat-box","7":"product_cat-cctv","9":"first","10":"instock","11":"shipping-taxable","12":"product-type-simple"},"yoast_head":"<!-- This site is optimized with the Yoast SEO plugin v27.4 - https:\/\/yoast.com\/product\/yoast-seo-wordpress\/ -->\n<title>C\u00e1mara de caja XNB-6003 - Abix<\/title>\n<meta name=\"robots\" content=\"index, follow, max-snippet:-1, max-image-preview:large, max-video-preview:-1\" \/>\n<link rel=\"canonical\" href=\"https:\/\/abix.com.br\/es\/produto\/camara-de-caja-xnb-6003\/\" \/>\n<meta property=\"og:locale\" content=\"es_ES\" \/>\n<meta property=\"og:type\" content=\"article\" \/>\n<meta property=\"og:title\" content=\"C\u00e1mara de caja XNB-6003 - Abix\" \/>\n<meta property=\"og:description\" content=\"La m\u00e1s inteligente de su categor\u00eda La XNB-6003 combina, en un solo dispositivo, tecnolog\u00edas que normalmente requerir\u00edan varios dispositivos y una gran inversi\u00f3n. Su completa IA integrada permite el conteo de personas, la gesti\u00f3n de colas y la creaci\u00f3n de mapas de calor de movimiento sin necesidad de servidores externos ni licencias mensuales, lo que simplifica y abarata enormemente su funcionamiento.  Otro punto a destacar es el WDR real de 150 dB, que garantiza la mejor imagen de su categor\u00eda en escenarios de alto contraste. Incluso cuando un cliente est\u00e1 a la sombra y la tienda recibe luz intensa, su rostro permanece perfectamente visible, asegurando una identificaci\u00f3n precisa. Los objetivos motorizados I-CS aportan una practicidad total al proyecto, permitiendo el ajuste remoto del enfoque y el zoom mediante tel\u00e9fono m\u00f3vil, navegador o NVR, eliminando la intervenci\u00f3n f\u00edsica y agilizando la operaci\u00f3n.  La XNB-6003 es perfecta para proyectos que requieren an\u00e1lisis avanzado en tiempo real con el menor coste de servidor: tiendas minoristas, centros comerciales, supermercados, farmacias, bancos, concesionarios e industrias.\" \/>\n<meta property=\"og:url\" content=\"https:\/\/abix.com.br\/es\/produto\/camara-de-caja-xnb-6003\/\" \/>\n<meta property=\"og:site_name\" content=\"Abix\" \/>\n<meta property=\"article:modified_time\" content=\"2025-12-12T16:54:09+00:00\" \/>\n<meta name=\"twitter:card\" content=\"summary_large_image\" \/>\n<meta name=\"twitter:label1\" content=\"Tiempo de lectura\" \/>\n\t<meta name=\"twitter:data1\" content=\"2 minutos\" \/>\n<script type=\"application\/ld+json\" class=\"yoast-schema-graph\">{\"@context\":\"https:\\\/\\\/schema.org\",\"@graph\":[{\"@type\":\"WebPage\",\"@id\":\"https:\\\/\\\/abix.com.br\\\/es\\\/produto\\\/camara-de-caja-xnb-6003\\\/\",\"url\":\"https:\\\/\\\/abix.com.br\\\/es\\\/produto\\\/camara-de-caja-xnb-6003\\\/\",\"name\":\"C\u00e1mara de caja XNB-6003 - Abix\",\"isPartOf\":{\"@id\":\"https:\\\/\\\/abix.com.br\\\/#website\"},\"primaryImageOfPage\":{\"@id\":\"https:\\\/\\\/abix.com.br\\\/es\\\/produto\\\/camara-de-caja-xnb-6003\\\/#primaryimage\"},\"image\":{\"@id\":\"https:\\\/\\\/abix.com.br\\\/es\\\/produto\\\/camara-de-caja-xnb-6003\\\/#primaryimage\"},\"thumbnailUrl\":\"https:\\\/\\\/abix.com.br\\\/wp-content\\\/uploads\\\/2025\\\/11\\\/Product-Images_XNB-6003_20210924162230_Common_2-scaled.webp\",\"datePublished\":\"2025-11-28T20:55:26+00:00\",\"dateModified\":\"2025-12-12T16:54:09+00:00\",\"breadcrumb\":{\"@id\":\"https:\\\/\\\/abix.com.br\\\/es\\\/produto\\\/camara-de-caja-xnb-6003\\\/#breadcrumb\"},\"inLanguage\":\"es\",\"potentialAction\":[{\"@type\":\"ReadAction\",\"target\":[\"https:\\\/\\\/abix.com.br\\\/es\\\/produto\\\/camara-de-caja-xnb-6003\\\/\"]}]},{\"@type\":\"ImageObject\",\"inLanguage\":\"es\",\"@id\":\"https:\\\/\\\/abix.com.br\\\/es\\\/produto\\\/camara-de-caja-xnb-6003\\\/#primaryimage\",\"url\":\"https:\\\/\\\/abix.com.br\\\/wp-content\\\/uploads\\\/2025\\\/11\\\/Product-Images_XNB-6003_20210924162230_Common_2-scaled.webp\",\"contentUrl\":\"https:\\\/\\\/abix.com.br\\\/wp-content\\\/uploads\\\/2025\\\/11\\\/Product-Images_XNB-6003_20210924162230_Common_2-scaled.webp\",\"width\":2560,\"height\":2560},{\"@type\":\"BreadcrumbList\",\"@id\":\"https:\\\/\\\/abix.com.br\\\/es\\\/produto\\\/camara-de-caja-xnb-6003\\\/#breadcrumb\",\"itemListElement\":[{\"@type\":\"ListItem\",\"position\":1,\"name\":\"In\u00edcio\",\"item\":\"https:\\\/\\\/abix.com.br\\\/es\\\/\"},{\"@type\":\"ListItem\",\"position\":2,\"name\":\"Tienda\",\"item\":\"https:\\\/\\\/abix.com.br\\\/loja\\\/\"},{\"@type\":\"ListItem\",\"position\":3,\"name\":\"C\u00e1mara de caja XNB-6003\"}]},{\"@type\":\"WebSite\",\"@id\":\"https:\\\/\\\/abix.com.br\\\/#website\",\"url\":\"https:\\\/\\\/abix.com.br\\\/\",\"name\":\"Abix\",\"description\":\"\",\"potentialAction\":[{\"@type\":\"SearchAction\",\"target\":{\"@type\":\"EntryPoint\",\"urlTemplate\":\"https:\\\/\\\/abix.com.br\\\/?s={search_term_string}\"},\"query-input\":{\"@type\":\"PropertyValueSpecification\",\"valueRequired\":true,\"valueName\":\"search_term_string\"}}],\"inLanguage\":\"es\"}]}<\/script>\n<!-- \/ Yoast SEO plugin. -->","yoast_head_json":{"title":"C\u00e1mara de caja XNB-6003 - Abix","robots":{"index":"index","follow":"follow","max-snippet":"max-snippet:-1","max-image-preview":"max-image-preview:large","max-video-preview":"max-video-preview:-1"},"canonical":"https:\/\/abix.com.br\/es\/produto\/camara-de-caja-xnb-6003\/","og_locale":"es_ES","og_type":"article","og_title":"C\u00e1mara de caja XNB-6003 - Abix","og_description":"La m\u00e1s inteligente de su categor\u00eda La XNB-6003 combina, en un solo dispositivo, tecnolog\u00edas que normalmente requerir\u00edan varios dispositivos y una gran inversi\u00f3n. Su completa IA integrada permite el conteo de personas, la gesti\u00f3n de colas y la creaci\u00f3n de mapas de calor de movimiento sin necesidad de servidores externos ni licencias mensuales, lo que simplifica y abarata enormemente su funcionamiento.  Otro punto a destacar es el WDR real de 150 dB, que garantiza la mejor imagen de su categor\u00eda en escenarios de alto contraste. Incluso cuando un cliente est\u00e1 a la sombra y la tienda recibe luz intensa, su rostro permanece perfectamente visible, asegurando una identificaci\u00f3n precisa. Los objetivos motorizados I-CS aportan una practicidad total al proyecto, permitiendo el ajuste remoto del enfoque y el zoom mediante tel\u00e9fono m\u00f3vil, navegador o NVR, eliminando la intervenci\u00f3n f\u00edsica y agilizando la operaci\u00f3n.  La XNB-6003 es perfecta para proyectos que requieren an\u00e1lisis avanzado en tiempo real con el menor coste de servidor: tiendas minoristas, centros comerciales, supermercados, farmacias, bancos, concesionarios e industrias.","og_url":"https:\/\/abix.com.br\/es\/produto\/camara-de-caja-xnb-6003\/","og_site_name":"Abix","article_modified_time":"2025-12-12T16:54:09+00:00","twitter_card":"summary_large_image","twitter_misc":{"Tiempo de lectura":"2 minutos"},"schema":{"@context":"https:\/\/schema.org","@graph":[{"@type":"WebPage","@id":"https:\/\/abix.com.br\/es\/produto\/camara-de-caja-xnb-6003\/","url":"https:\/\/abix.com.br\/es\/produto\/camara-de-caja-xnb-6003\/","name":"C\u00e1mara de caja XNB-6003 - Abix","isPartOf":{"@id":"https:\/\/abix.com.br\/#website"},"primaryImageOfPage":{"@id":"https:\/\/abix.com.br\/es\/produto\/camara-de-caja-xnb-6003\/#primaryimage"},"image":{"@id":"https:\/\/abix.com.br\/es\/produto\/camara-de-caja-xnb-6003\/#primaryimage"},"thumbnailUrl":"https:\/\/abix.com.br\/wp-content\/uploads\/2025\/11\/Product-Images_XNB-6003_20210924162230_Common_2-scaled.webp","datePublished":"2025-11-28T20:55:26+00:00","dateModified":"2025-12-12T16:54:09+00:00","breadcrumb":{"@id":"https:\/\/abix.com.br\/es\/produto\/camara-de-caja-xnb-6003\/#breadcrumb"},"inLanguage":"es","potentialAction":[{"@type":"ReadAction","target":["https:\/\/abix.com.br\/es\/produto\/camara-de-caja-xnb-6003\/"]}]},{"@type":"ImageObject","inLanguage":"es","@id":"https:\/\/abix.com.br\/es\/produto\/camara-de-caja-xnb-6003\/#primaryimage","url":"https:\/\/abix.com.br\/wp-content\/uploads\/2025\/11\/Product-Images_XNB-6003_20210924162230_Common_2-scaled.webp","contentUrl":"https:\/\/abix.com.br\/wp-content\/uploads\/2025\/11\/Product-Images_XNB-6003_20210924162230_Common_2-scaled.webp","width":2560,"height":2560},{"@type":"BreadcrumbList","@id":"https:\/\/abix.com.br\/es\/produto\/camara-de-caja-xnb-6003\/#breadcrumb","itemListElement":[{"@type":"ListItem","position":1,"name":"In\u00edcio","item":"https:\/\/abix.com.br\/es\/"},{"@type":"ListItem","position":2,"name":"Tienda","item":"https:\/\/abix.com.br\/loja\/"},{"@type":"ListItem","position":3,"name":"C\u00e1mara de caja XNB-6003"}]},{"@type":"WebSite","@id":"https:\/\/abix.com.br\/#website","url":"https:\/\/abix.com.br\/","name":"Abix","description":"","potentialAction":[{"@type":"SearchAction","target":{"@type":"EntryPoint","urlTemplate":"https:\/\/abix.com.br\/?s={search_term_string}"},"query-input":{"@type":"PropertyValueSpecification","valueRequired":true,"valueName":"search_term_string"}}],"inLanguage":"es"}]}},"_links":{"self":[{"href":"https:\/\/abix.com.br\/es\/wp-json\/wp\/v2\/product\/23093","targetHints":{"allow":["GET"]}}],"collection":[{"href":"https:\/\/abix.com.br\/es\/wp-json\/wp\/v2\/product"}],"about":[{"href":"https:\/\/abix.com.br\/es\/wp-json\/wp\/v2\/types\/product"}],"replies":[{"embeddable":true,"href":"https:\/\/abix.com.br\/es\/wp-json\/wp\/v2\/comments?post=23093"}],"wp:featuredmedia":[{"embeddable":true,"href":"https:\/\/abix.com.br\/es\/wp-json\/wp\/v2\/media\/23094"}],"wp:attachment":[{"href":"https:\/\/abix.com.br\/es\/wp-json\/wp\/v2\/media?parent=23093"}],"wp:term":[{"taxonomy":"product_brand","embeddable":true,"href":"https:\/\/abix.com.br\/es\/wp-json\/wp\/v2\/product_brand?post=23093"},{"taxonomy":"product_cat","embeddable":true,"href":"https:\/\/abix.com.br\/es\/wp-json\/wp\/v2\/product_cat?post=23093"},{"taxonomy":"product_tag","embeddable":true,"href":"https:\/\/abix.com.br\/es\/wp-json\/wp\/v2\/product_tag?post=23093"}],"curies":[{"name":"wp","href":"https:\/\/api.w.org\/{rel}","templated":true}]}}