{"id":23099,"date":"2025-11-28T18:25:57","date_gmt":"2025-11-28T21:25:57","guid":{"rendered":"https:\/\/abix.com.br\/?post_type=product&#038;p=23099"},"modified":"2025-12-12T14:12:04","modified_gmt":"2025-12-12T17:12:04","slug":"camara-exc2602-62","status":"publish","type":"product","link":"https:\/\/abix.com.br\/es\/produto\/camara-exc2602-62\/","title":{"rendered":"C\u00c1MARA EXC2602-62"},"content":{"rendered":"\n\t<section class=\"section\" id=\"section_211601243\">\n\t\t<div class=\"section-bg fill\" >\n\t\t\t\t\t\t\t\t\t\n\t\t\t\n\n\t\t<\/div>\n\n\t\t\n\n\t\t<div class=\"section-content relative\">\n\t\t\t\n<div class=\"row\"  id=\"row-880561726\">\n\n\t<div id=\"col-1692198360\" class=\"col small-12 large-12\"  >\n\t\t\t\t<div class=\"col-inner\"  >\n\t\t\t\n\t\t\t\n<div class=\"row\"  id=\"row-1069807438\">\n\n\t<div id=\"col-749924046\" class=\"col small-12 large-12\"  >\n\t\t\t\t<div class=\"col-inner\"  >\n\t\t\t\n\t\t\t\n\n\t\t<div class=\"tabbed-content locacao-tabs\">\n\t\t\t\n\t\t\t<ul class=\"nav nav-tabs nav-normal nav-size-xlarge nav-left active-on-hover\" role=\"tablist\"><li id=\"tab-informaci\u00d3n\" class=\"tab active has-icon\" role=\"presentation\"><a href=\"#tab_informaci\u00d3n\" role=\"tab\" aria-selected=\"true\" aria-controls=\"tab_informaci\u00d3n\"><span>INFORMACI\u00d3N<\/span><\/a><\/li>\n<li id=\"tab-accesorios\" class=\"tab has-icon\" role=\"presentation\"><a href=\"#tab_accesorios\" tabindex=\"-1\" role=\"tab\" aria-selected=\"false\" aria-controls=\"tab_accesorios\"><span>ACCESORIOS<\/span><\/a><\/li>\n<li id=\"tab-descargas\" class=\"tab has-icon\" role=\"presentation\"><a href=\"#tab_descargas\" tabindex=\"-1\" role=\"tab\" aria-selected=\"false\" aria-controls=\"tab_descargas\"><span>DESCARGAS<\/span><\/a><\/li>\n<li id=\"tab-especificaciones\" class=\"tab has-icon\" role=\"presentation\"><a href=\"#tab_especificaciones\" tabindex=\"-1\" role=\"tab\" aria-selected=\"false\" aria-controls=\"tab_especificaciones\"><span>ESPECIFICACIONES<\/span><\/a><\/li><\/ul><div class=\"tab-panels\"><div id=\"tab_informaci\u00d3n\" class=\"panel active entry-content\" role=\"tabpanel\" aria-labelledby=\"tab-informaci\u00d3n\">\n<div class=\"row\"  id=\"row-736848682\">\n\n\t<div id=\"col-857547404\" class=\"col medium-6 small-12 large-6\"  >\n\t\t\t\t<div class=\"col-inner\"  >\n\t\t\t\n\t\t\t\n<h3>Caracter\u00edsticas principales<\/h3>\n<p>Resoluci\u00f3n de 6 MP (3200 \u00d7 1800) a 30 fps: detalles extremos incluso con zoom digital<br \/>\nLente motorizada de 4,9 a 8 mm con enfoque remoto (ajustable mediante tel\u00e9fono m\u00f3vil o VMS)<br \/>\nPelco Smart Analytics con IA integrada: \u2192 Clasificaci\u00f3n: Persona\/Veh\u00edculo \u2192 Detecci\u00f3n: Intrusi\u00f3n, permanencia, cruce de l\u00ednea, objeto abandonado\/retirado \u2192 BestShot autom\u00e1tico + atributos (color de la ropa, tipo de veh\u00edculo)<br \/>\nWDR 120 dB + 0,055 lux color \/ 0,028 lux blanco y negro con poca luz<br \/>\nCompresi\u00f3n H.265 + Smart Compression: hasta un 70 % de ahorro en ancho de banda y almacenamiento<br \/>\nTemperatura de funcionamiento continuo: de -40 \u00b0C a +65 \u00b0C (con calefacci\u00f3n y refrigeraci\u00f3n internas)<br \/>\nCuerpo de acero inoxidable 316L electropulido: resistente a entornos marinos y corrosi\u00f3n extrema<br \/>\nCertificaciones EX completas: \u2192 INMETRO (Brasil), ATEX, IECEx, EAC Ex, UKEX, UL\/cUL \u2192 Zona 1\/21, Grupo IIC T6, IP68, Tipo 4X<br \/>\nAplicaciones Entornos peligrosos, por ejemplo: industrias qu\u00edmicas, plataformas marinas, refiner\u00edas<\/p>\n\t\t<\/div>\n\t\t\t\t\t<\/div>\n\n\t\n\n\t<div id=\"col-501175694\" class=\"col medium-6 small-12 large-6\"  >\n\t\t\t\t<div class=\"col-inner text-left\"  >\n\t\t\t\n\t\t\t\n\t\t<\/div>\n\t\t\t\t\t<\/div>\n\n\t\n<\/div>\n<\/div>\n<div id=\"tab_accesorios\" class=\"panel entry-content\" role=\"tabpanel\" aria-labelledby=\"tab-accesorios\">\n<div>Lente motorizada con enfoque remoto<\/div>\n<div><\/div>\n<div>Soporte para montaje en pared o techo<\/div>\n<div class=\"row align-middle\"  id=\"row-1598914281\">\n\n\t<div id=\"col-284943959\" class=\"col medium-10 small-12 large-10\"  >\n\t\t\t\t<div class=\"col-inner\"  >\n\t\t\t\n\t\t\t\n<p>CONTENIDO<\/p>\n\t\t<\/div>\n\t\t\t\t\t<\/div>\n\n\t\n\n\t<div id=\"col-1431699416\" class=\"col medium-2 small-12 large-2\"  >\n\t\t\t\t<div class=\"col-inner\"  >\n\t\t\t\n\t\t\t\n\t\t<\/div>\n\t\t\t\t\t<\/div>\n\n\t\n<\/div>\n<\/div>\n<div id=\"tab_descargas\" class=\"panel entry-content\" role=\"tabpanel\" aria-labelledby=\"tab-descargas\">\n<div class=\"row\"  id=\"row-470825305\">\n\n\t<div id=\"col-191211969\" class=\"col medium-10 small-12 large-10\"  >\n\t\t\t\t<div class=\"col-inner\"  >\n\t\t\t\n\t\t\t\n\t\t<\/div>\n\t\t\t\t\t<\/div>\n\n\t\n<\/div>\n<\/div>\n<div id=\"tab_especificaciones\" class=\"panel entry-content\" role=\"tabpanel\" aria-labelledby=\"tab-especificaciones\">\n<div class=\"row\"  id=\"row-2030587226\">\n\n\t<div id=\"col-1520978962\" class=\"col medium-9 small-12 large-9\"  >\n\t\t\t\t<div class=\"col-inner\"  >\n\t\t\t\n\t\t\t\n<h3>ESPECIFICACIONES T\u00c9CNICAS<\/h3>\n<p>Sensor: CMOS de 1\/1.8\u2033<br \/>\nResoluci\u00f3n: 6 MP (3200 \u00d7 1800)<br \/>\nLente: 4,9\u20138 mm, F1.8<br \/>\nIluminaci\u00f3n m\u00ednima: 0,055 lux (color), 0,028 lux (blanco y negro)<br \/>\nCompresi\u00f3n: H.264, H.265, MJPEG<br \/>\nProtecci\u00f3n: IP68, a prueba de explosiones<\/p>\n\t\t<\/div>\n\t\t\t\t\t<\/div>\n\n\t\n<\/div>\n<\/div><\/div><\/div>\n\t\t<\/div>\n\t\t\t\t\t<\/div>\n\n\t\n<\/div>\n\t\t<\/div>\n\t\t\t\t\t<\/div>\n\n\t\n<\/div>\n\t\t<\/div>\n\n\t\t\n<style>\n#section_211601243 {\n  padding-top: 0px;\n  padding-bottom: 0px;\n}\n<\/style>\n\t<\/section>\n\t\n","protected":false},"excerpt":{"rendered":"<h3><strong>Monitoreo de \u00c1reas Cr\u00edticas<\/strong><\/h3>\n<div>La c\u00e1mara fija EXC2602-62, certificada para atm\u00f3sferas explosivas y ampliamente utilizada en plataformas marinas, refiner\u00edas, plantas petroqu\u00edmicas, industrias qu\u00edmicas, operaciones mineras y plantas de etanol en Brasil, destaca por combinar una robustez extrema, inteligencia integrada y una operaci\u00f3n completamente segura en \u00e1reas clasificadas.<\/div>\n<div><\/div>\n<div>Su cuerpo de acero inoxidable AISI 316L 100% electropulido garantiza una durabilidad inigualable: incluso despu\u00e9s de m\u00e1s de 10 a\u00f1os expuesta al aire marino, la salinidad y las inclemencias del tiempo en plataformas brasile\u00f1as, permanece libre de corrosi\u00f3n, un est\u00e1ndar que pocos dispositivos pueden alcanzar.<\/div>\n<div><\/div>\n<div>Con certificaciones INMETRO, ATEX Zona 1\/21, IECEx, EAC Ex y UKEX, cumple plenamente con los est\u00e1ndares globales para entornos explosivos, garantizando una instalaci\u00f3n segura en \u00e1reas cr\u00edticas donde cualquier falla es inaceptable.<\/div>\n<div><\/div>\n<div>Su operaci\u00f3n tambi\u00e9n es mucho m\u00e1s sencilla y econ\u00f3mica gracias a la lente motorizada con enfoque remoto, que elimina la necesidad de abrir la c\u00e1mara en \u00e1reas clasificadas. Todos los ajustes se realizan de forma remota, segura y sin interrupciones. La IA integrada de Pelco Smart Analytics funciona sin servidor externo, realizando una detecci\u00f3n de intrusiones fiable incluso en escenarios con fallos de red, lo que garantiza una vigilancia continua en ubicaciones remotas o zonas de alta complejidad operativa.<\/div>\n<div><\/div>\n<div>Con un sensor de 6 MP y zoom digital avanzado, identifica rostros a m\u00e1s de 80 metros, ofreciendo precisi\u00f3n incluso a largas distancias. Su rendimiento t\u00e9rmico es impresionante: opera desde -40 \u00b0C hasta +65 \u00b0C, y ya est\u00e1 instalado en FPSO en la capa presal y en plantas de etanol en regiones con climas extremos.<\/div>\n<div><\/div>\n<div>Es la soluci\u00f3n definitiva para quienes necesitan m\u00e1xima seguridad, resistencia absoluta e inteligencia real en zonas explosivas.<\/div>\n","protected":false},"featured_media":23100,"comment_status":"closed","ping_status":"closed","template":"","meta":[],"product_brand":[],"product_cat":[178,239],"product_tag":[],"class_list":{"0":"post-23099","1":"product","2":"type-product","3":"status-publish","4":"has-post-thumbnail","6":"product_cat-cctv","7":"product_cat-ex","9":"first","10":"instock","11":"shipping-taxable","12":"product-type-simple"},"yoast_head":"<!-- This site is optimized with the Yoast SEO plugin v27.3 - https:\/\/yoast.com\/product\/yoast-seo-wordpress\/ -->\n<title>C\u00c1MARA EXC2602-62 - Abix<\/title>\n<meta name=\"robots\" content=\"index, follow, max-snippet:-1, max-image-preview:large, max-video-preview:-1\" \/>\n<link rel=\"canonical\" href=\"https:\/\/abix.com.br\/es\/produto\/camara-exc2602-62\/\" \/>\n<meta property=\"og:locale\" content=\"es_ES\" \/>\n<meta property=\"og:type\" content=\"article\" \/>\n<meta property=\"og:title\" content=\"C\u00c1MARA EXC2602-62 - Abix\" \/>\n<meta property=\"og:description\" content=\"Monitoreo de \u00c1reas Cr\u00edticas La c\u00e1mara fija EXC2602-62, certificada para atm\u00f3sferas explosivas y ampliamente utilizada en plataformas marinas, refiner\u00edas, plantas petroqu\u00edmicas, industrias qu\u00edmicas, operaciones mineras y plantas de etanol en Brasil, destaca por combinar una robustez extrema, inteligencia integrada y una operaci\u00f3n completamente segura en \u00e1reas clasificadas.  Su cuerpo de acero inoxidable AISI 316L 100% electropulido garantiza una durabilidad inigualable: incluso despu\u00e9s de m\u00e1s de 10 a\u00f1os expuesta al aire marino, la salinidad y las inclemencias del tiempo en plataformas brasile\u00f1as, permanece libre de corrosi\u00f3n, un est\u00e1ndar que pocos dispositivos pueden alcanzar.  Con certificaciones INMETRO, ATEX Zona 1\/21, IECEx, EAC Ex y UKEX, cumple plenamente con los est\u00e1ndares globales para entornos explosivos, garantizando una instalaci\u00f3n segura en \u00e1reas cr\u00edticas donde cualquier falla es inaceptable.  Su operaci\u00f3n tambi\u00e9n es mucho m\u00e1s sencilla y econ\u00f3mica gracias a la lente motorizada con enfoque remoto, que elimina la necesidad de abrir la c\u00e1mara en \u00e1reas clasificadas. Todos los ajustes se realizan de forma remota, segura y sin interrupciones. La IA integrada de Pelco Smart Analytics funciona sin servidor externo, realizando una detecci\u00f3n de intrusiones fiable incluso en escenarios con fallos de red, lo que garantiza una vigilancia continua en ubicaciones remotas o zonas de alta complejidad operativa.  Con un sensor de 6 MP y zoom digital avanzado, identifica rostros a m\u00e1s de 80 metros, ofreciendo precisi\u00f3n incluso a largas distancias. Su rendimiento t\u00e9rmico es impresionante: opera desde -40 \u00b0C hasta +65 \u00b0C, y ya est\u00e1 instalado en FPSO en la capa presal y en plantas de etanol en regiones con climas extremos.  Es la soluci\u00f3n definitiva para quienes necesitan m\u00e1xima seguridad, resistencia absoluta e inteligencia real en zonas explosivas.\" \/>\n<meta property=\"og:url\" content=\"https:\/\/abix.com.br\/es\/produto\/camara-exc2602-62\/\" \/>\n<meta property=\"og:site_name\" content=\"Abix\" \/>\n<meta property=\"article:modified_time\" content=\"2025-12-12T17:12:04+00:00\" \/>\n<meta name=\"twitter:card\" content=\"summary_large_image\" \/>\n<meta name=\"twitter:label1\" content=\"Tiempo de lectura\" \/>\n\t<meta name=\"twitter:data1\" content=\"2 minutos\" \/>\n<script type=\"application\/ld+json\" class=\"yoast-schema-graph\">{\"@context\":\"https:\\\/\\\/schema.org\",\"@graph\":[{\"@type\":\"WebPage\",\"@id\":\"https:\\\/\\\/abix.com.br\\\/es\\\/produto\\\/camara-exc2602-62\\\/\",\"url\":\"https:\\\/\\\/abix.com.br\\\/es\\\/produto\\\/camara-exc2602-62\\\/\",\"name\":\"C\u00c1MARA EXC2602-62 - Abix\",\"isPartOf\":{\"@id\":\"https:\\\/\\\/abix.com.br\\\/#website\"},\"primaryImageOfPage\":{\"@id\":\"https:\\\/\\\/abix.com.br\\\/es\\\/produto\\\/camara-exc2602-62\\\/#primaryimage\"},\"image\":{\"@id\":\"https:\\\/\\\/abix.com.br\\\/es\\\/produto\\\/camara-exc2602-62\\\/#primaryimage\"},\"thumbnailUrl\":\"https:\\\/\\\/abix.com.br\\\/wp-content\\\/uploads\\\/2025\\\/11\\\/ExSite_Enh2_Compact_1_v2.avif\",\"datePublished\":\"2025-11-28T21:25:57+00:00\",\"dateModified\":\"2025-12-12T17:12:04+00:00\",\"breadcrumb\":{\"@id\":\"https:\\\/\\\/abix.com.br\\\/es\\\/produto\\\/camara-exc2602-62\\\/#breadcrumb\"},\"inLanguage\":\"es\",\"potentialAction\":[{\"@type\":\"ReadAction\",\"target\":[\"https:\\\/\\\/abix.com.br\\\/es\\\/produto\\\/camara-exc2602-62\\\/\"]}]},{\"@type\":\"ImageObject\",\"inLanguage\":\"es\",\"@id\":\"https:\\\/\\\/abix.com.br\\\/es\\\/produto\\\/camara-exc2602-62\\\/#primaryimage\",\"url\":\"https:\\\/\\\/abix.com.br\\\/wp-content\\\/uploads\\\/2025\\\/11\\\/ExSite_Enh2_Compact_1_v2.avif\",\"contentUrl\":\"https:\\\/\\\/abix.com.br\\\/wp-content\\\/uploads\\\/2025\\\/11\\\/ExSite_Enh2_Compact_1_v2.avif\",\"width\":1200,\"height\":1200},{\"@type\":\"BreadcrumbList\",\"@id\":\"https:\\\/\\\/abix.com.br\\\/es\\\/produto\\\/camara-exc2602-62\\\/#breadcrumb\",\"itemListElement\":[{\"@type\":\"ListItem\",\"position\":1,\"name\":\"In\u00edcio\",\"item\":\"https:\\\/\\\/abix.com.br\\\/es\\\/\"},{\"@type\":\"ListItem\",\"position\":2,\"name\":\"Tienda\",\"item\":\"https:\\\/\\\/abix.com.br\\\/loja\\\/\"},{\"@type\":\"ListItem\",\"position\":3,\"name\":\"C\u00c1MARA EXC2602-62\"}]},{\"@type\":\"WebSite\",\"@id\":\"https:\\\/\\\/abix.com.br\\\/#website\",\"url\":\"https:\\\/\\\/abix.com.br\\\/\",\"name\":\"Abix\",\"description\":\"\",\"potentialAction\":[{\"@type\":\"SearchAction\",\"target\":{\"@type\":\"EntryPoint\",\"urlTemplate\":\"https:\\\/\\\/abix.com.br\\\/?s={search_term_string}\"},\"query-input\":{\"@type\":\"PropertyValueSpecification\",\"valueRequired\":true,\"valueName\":\"search_term_string\"}}],\"inLanguage\":\"es\"}]}<\/script>\n<!-- \/ Yoast SEO plugin. -->","yoast_head_json":{"title":"C\u00c1MARA EXC2602-62 - Abix","robots":{"index":"index","follow":"follow","max-snippet":"max-snippet:-1","max-image-preview":"max-image-preview:large","max-video-preview":"max-video-preview:-1"},"canonical":"https:\/\/abix.com.br\/es\/produto\/camara-exc2602-62\/","og_locale":"es_ES","og_type":"article","og_title":"C\u00c1MARA EXC2602-62 - Abix","og_description":"Monitoreo de \u00c1reas Cr\u00edticas La c\u00e1mara fija EXC2602-62, certificada para atm\u00f3sferas explosivas y ampliamente utilizada en plataformas marinas, refiner\u00edas, plantas petroqu\u00edmicas, industrias qu\u00edmicas, operaciones mineras y plantas de etanol en Brasil, destaca por combinar una robustez extrema, inteligencia integrada y una operaci\u00f3n completamente segura en \u00e1reas clasificadas.  Su cuerpo de acero inoxidable AISI 316L 100% electropulido garantiza una durabilidad inigualable: incluso despu\u00e9s de m\u00e1s de 10 a\u00f1os expuesta al aire marino, la salinidad y las inclemencias del tiempo en plataformas brasile\u00f1as, permanece libre de corrosi\u00f3n, un est\u00e1ndar que pocos dispositivos pueden alcanzar.  Con certificaciones INMETRO, ATEX Zona 1\/21, IECEx, EAC Ex y UKEX, cumple plenamente con los est\u00e1ndares globales para entornos explosivos, garantizando una instalaci\u00f3n segura en \u00e1reas cr\u00edticas donde cualquier falla es inaceptable.  Su operaci\u00f3n tambi\u00e9n es mucho m\u00e1s sencilla y econ\u00f3mica gracias a la lente motorizada con enfoque remoto, que elimina la necesidad de abrir la c\u00e1mara en \u00e1reas clasificadas. Todos los ajustes se realizan de forma remota, segura y sin interrupciones. La IA integrada de Pelco Smart Analytics funciona sin servidor externo, realizando una detecci\u00f3n de intrusiones fiable incluso en escenarios con fallos de red, lo que garantiza una vigilancia continua en ubicaciones remotas o zonas de alta complejidad operativa.  Con un sensor de 6 MP y zoom digital avanzado, identifica rostros a m\u00e1s de 80 metros, ofreciendo precisi\u00f3n incluso a largas distancias. Su rendimiento t\u00e9rmico es impresionante: opera desde -40 \u00b0C hasta +65 \u00b0C, y ya est\u00e1 instalado en FPSO en la capa presal y en plantas de etanol en regiones con climas extremos.  Es la soluci\u00f3n definitiva para quienes necesitan m\u00e1xima seguridad, resistencia absoluta e inteligencia real en zonas explosivas.","og_url":"https:\/\/abix.com.br\/es\/produto\/camara-exc2602-62\/","og_site_name":"Abix","article_modified_time":"2025-12-12T17:12:04+00:00","twitter_card":"summary_large_image","twitter_misc":{"Tiempo de lectura":"2 minutos"},"schema":{"@context":"https:\/\/schema.org","@graph":[{"@type":"WebPage","@id":"https:\/\/abix.com.br\/es\/produto\/camara-exc2602-62\/","url":"https:\/\/abix.com.br\/es\/produto\/camara-exc2602-62\/","name":"C\u00c1MARA EXC2602-62 - Abix","isPartOf":{"@id":"https:\/\/abix.com.br\/#website"},"primaryImageOfPage":{"@id":"https:\/\/abix.com.br\/es\/produto\/camara-exc2602-62\/#primaryimage"},"image":{"@id":"https:\/\/abix.com.br\/es\/produto\/camara-exc2602-62\/#primaryimage"},"thumbnailUrl":"https:\/\/abix.com.br\/wp-content\/uploads\/2025\/11\/ExSite_Enh2_Compact_1_v2.avif","datePublished":"2025-11-28T21:25:57+00:00","dateModified":"2025-12-12T17:12:04+00:00","breadcrumb":{"@id":"https:\/\/abix.com.br\/es\/produto\/camara-exc2602-62\/#breadcrumb"},"inLanguage":"es","potentialAction":[{"@type":"ReadAction","target":["https:\/\/abix.com.br\/es\/produto\/camara-exc2602-62\/"]}]},{"@type":"ImageObject","inLanguage":"es","@id":"https:\/\/abix.com.br\/es\/produto\/camara-exc2602-62\/#primaryimage","url":"https:\/\/abix.com.br\/wp-content\/uploads\/2025\/11\/ExSite_Enh2_Compact_1_v2.avif","contentUrl":"https:\/\/abix.com.br\/wp-content\/uploads\/2025\/11\/ExSite_Enh2_Compact_1_v2.avif","width":1200,"height":1200},{"@type":"BreadcrumbList","@id":"https:\/\/abix.com.br\/es\/produto\/camara-exc2602-62\/#breadcrumb","itemListElement":[{"@type":"ListItem","position":1,"name":"In\u00edcio","item":"https:\/\/abix.com.br\/es\/"},{"@type":"ListItem","position":2,"name":"Tienda","item":"https:\/\/abix.com.br\/loja\/"},{"@type":"ListItem","position":3,"name":"C\u00c1MARA EXC2602-62"}]},{"@type":"WebSite","@id":"https:\/\/abix.com.br\/#website","url":"https:\/\/abix.com.br\/","name":"Abix","description":"","potentialAction":[{"@type":"SearchAction","target":{"@type":"EntryPoint","urlTemplate":"https:\/\/abix.com.br\/?s={search_term_string}"},"query-input":{"@type":"PropertyValueSpecification","valueRequired":true,"valueName":"search_term_string"}}],"inLanguage":"es"}]}},"_links":{"self":[{"href":"https:\/\/abix.com.br\/es\/wp-json\/wp\/v2\/product\/23099","targetHints":{"allow":["GET"]}}],"collection":[{"href":"https:\/\/abix.com.br\/es\/wp-json\/wp\/v2\/product"}],"about":[{"href":"https:\/\/abix.com.br\/es\/wp-json\/wp\/v2\/types\/product"}],"replies":[{"embeddable":true,"href":"https:\/\/abix.com.br\/es\/wp-json\/wp\/v2\/comments?post=23099"}],"wp:featuredmedia":[{"embeddable":true,"href":"https:\/\/abix.com.br\/es\/wp-json\/wp\/v2\/media\/23100"}],"wp:attachment":[{"href":"https:\/\/abix.com.br\/es\/wp-json\/wp\/v2\/media?parent=23099"}],"wp:term":[{"taxonomy":"product_brand","embeddable":true,"href":"https:\/\/abix.com.br\/es\/wp-json\/wp\/v2\/product_brand?post=23099"},{"taxonomy":"product_cat","embeddable":true,"href":"https:\/\/abix.com.br\/es\/wp-json\/wp\/v2\/product_cat?post=23099"},{"taxonomy":"product_tag","embeddable":true,"href":"https:\/\/abix.com.br\/es\/wp-json\/wp\/v2\/product_tag?post=23099"}],"curies":[{"name":"wp","href":"https:\/\/api.w.org\/{rel}","templated":true}]}}